{"id":155,"date":"2025-11-18T20:48:45","date_gmt":"2025-11-18T20:48:45","guid":{"rendered":"https:\/\/cyberdome.com.tr\/?page_id=155"},"modified":"2025-12-07T11:00:21","modified_gmt":"2025-12-07T11:00:21","slug":"ayk-200","status":"publish","type":"page","link":"https:\/\/cyberdome.com.tr\/index.php\/ayk-200\/","title":{"rendered":"AYK-200"},"content":{"rendered":"\n<p>Daha fazla kapsama alan\u0131 i\u00e7in 5 Gigabit Ethernet ba\u011flant\u0131 noktas\u0131na ve harici y\u00fcksek kazan\u00e7l\u0131 antenlere sahip kablosuz \u00e7ift bantl\u0131 y\u00f6nlendirici.<\/p>\n\n\n\n<div class=\"wp-block-columns is-layout-flex wp-container-core-columns-is-layout-9d6595d7 wp-block-columns-is-layout-flex\">\n<div class=\"wp-block-column is-layout-flow wp-block-column-is-layout-flow\">\n<figure class=\"wp-block-image size-large\"><img loading=\"lazy\" decoding=\"async\" width=\"1024\" height=\"683\" src=\"https:\/\/cyberdome.com.tr\/wp-content\/uploads\/2025\/12\/yeni-urun-2-1-1024x683.jpg\" alt=\"\" class=\"wp-image-389\" srcset=\"https:\/\/cyberdome.com.tr\/wp-content\/uploads\/2025\/12\/yeni-urun-2-1-1024x683.jpg 1024w, https:\/\/cyberdome.com.tr\/wp-content\/uploads\/2025\/12\/yeni-urun-2-1-300x200.jpg 300w, https:\/\/cyberdome.com.tr\/wp-content\/uploads\/2025\/12\/yeni-urun-2-1-768x512.jpg 768w, https:\/\/cyberdome.com.tr\/wp-content\/uploads\/2025\/12\/yeni-urun-2-1.jpg 1536w\" sizes=\"auto, (max-width: 1024px) 100vw, 1024px\" \/><\/figure>\n<\/div>\n\n\n\n<div class=\"wp-block-column is-layout-flow wp-block-column-is-layout-flow\">\n<p>     M\u00fckemmel y\u00f6nlendiriciyi bulmak i\u00e7in sonsuz aramay\u0131 ve sonsuz say\u0131da inceleme ve teknik \u00f6zellik aras\u0131nda gezinmeyi unutun! Gelecek y\u0131llarda ihtiya\u00e7 duyabilece\u011finiz t\u00fcm \u00f6zelliklere sahip, uygun fiyatl\u0131 tek bir ev eri\u015fim noktas\u0131 olu\u015fturduk.<\/p>\n\n\n\n<p>Eski y\u00f6nlendiriciniz evinizin her k\u00f6\u015fesine ula\u015fmakta zorlan\u0131yor mu? Pekala, unut bunu! Ola\u011fan\u00fcst\u00fc kapsama alan\u0131na sahip harici y\u00fcksek kazan\u00e7l\u0131 kablosuz antenler ekledik. Art\u0131k her odada yaln\u0131zca g\u00fc\u00e7l\u00fc ve istikrarl\u0131 kablosuz ba\u011flant\u0131! Ayr\u0131ca, se\u00e7ti\u011finiz harici bir anten ekleyerek kapsama alan\u0131n\u0131 daha da g\u00fc\u00e7lendirmek i\u00e7in yerle\u015fik RP-SMA di\u015fi konekt\u00f6rleri kullanabilirsiniz.<\/p>\n<\/div>\n<\/div>\n\n\n\n<p>5 Gigabit Ethernet ba\u011flant\u0131 noktas\u0131, 256 MB RAM ve d\u00f6rt \u00e7ekirdekli CPU ile AYK-200, en b\u00fcy\u00fck ve en zorlu haneleri bile tatmin edebilir. PoE deste\u011fi ile di\u011fer cihazlara g\u00fc\u00e7 sa\u011flayabilir veya di\u011fer cihazlar taraf\u0131ndan \u00e7al\u0131\u015ft\u0131r\u0131labilir. 128 MB NAND ve ekstra depolama alan\u0131 eklemek i\u00e7in kullanabilece\u011finiz tam boyutlu bir USB ba\u011flant\u0131 noktas\u0131 vard\u0131r. Yeni muhafaza, cihaz\u0131n dikey veya yatay olarak monte edilmesini sa\u011flar. Duvara montaj seti de dahildir.<\/p>\n\n\n\n<div class=\"wp-block-columns are-vertically-aligned-center is-layout-flex wp-container-core-columns-is-layout-9d6595d7 wp-block-columns-is-layout-flex\">\n<div class=\"wp-block-column is-layout-flow wp-block-column-is-layout-flow\">\n<p><strong><mark style=\"background-color:#ffffff\" class=\"has-inline-color has-black-color\">\u00d6zellikler<\/mark><\/strong><\/p>\n\n\n\n<div class=\"wp-block-columns is-layout-flex wp-container-core-columns-is-layout-9d6595d7 wp-block-columns-is-layout-flex\">\n<div class=\"wp-block-column is-layout-flow wp-block-column-is-layout-flow\">\n<figure class=\"wp-block-table is-style-stripes has-small-font-size\"><table class=\"has-fixed-layout\"><tbody><tr><td>\u00dcr\u00fcn Kodu<\/td><td>RBD53iG-5HacD2HnD<\/td><\/tr><tr><td>Yap\u0131<\/td><td>KOL 32bit<\/td><\/tr><tr><td>CPU<\/td><td>IPQ-4019 (\u0130ngilizce)<\/td><\/tr><tr><td>CPU \u00e7ekirdek say\u0131s\u0131<\/td><td>4<\/td><\/tr><tr><td>CPU nominal frekans\u0131<\/td><td>448-896 (otomatik) MHz<\/td><\/tr><tr><td>\u00c7ip modelini de\u011fi\u015ftir<\/td><td>IPQ-4019 (\u0130ngilizce)<\/td><\/tr><tr><td>Boyutlar<\/td><td>251 x 129 x 39 mm<\/td><\/tr><tr><td>\u0130\u015fletim Sistemi<\/td><td>Y\u00f6nlendirici i\u015fletim Sistemi<\/td><\/tr><tr><td>RAM boyutu<\/td><td>256 MB<\/td><\/tr><tr><td>Depolama boyutu<\/td><td>128 MB<\/td><\/tr><tr><td>Depolama t\u00fcr\u00fc<\/td><td>NAND<\/td><\/tr><tr><td>MTBF<\/td><td>25C&#8217;de yakla\u015f\u0131k 200.000 saat<\/td><\/tr><tr><td>Test edilen ortam s\u0131cakl\u0131\u011f\u0131<\/td><td>-40\u00b0C ile 70\u00b0C aras\u0131<\/td><\/tr><tr><td>IPsec donan\u0131m h\u0131zland\u0131rma<\/td><td>Evet<\/td><\/tr><\/tbody><\/table><\/figure>\n<\/div>\n<\/div>\n\n\n\n<p><strong>Kablosuz \u00d6zellikler<\/strong><\/p>\n\n\n\n<div class=\"wp-block-columns is-layout-flex wp-container-core-columns-is-layout-9d6595d7 wp-block-columns-is-layout-flex\">\n<div class=\"wp-block-column is-layout-flow wp-block-column-is-layout-flow\">\n<figure class=\"wp-block-table is-style-stripes has-small-font-size\"><table class=\"has-fixed-layout\"><tbody><tr><td>Kablosuz 2,4 GHz Maksimum veri h\u0131z\u0131<\/td><td>300 Mbit\/sn<\/td><\/tr><tr><td>Kablosuz 2,4 GHz zincir say\u0131s\u0131<\/td><td>2<\/td><\/tr><tr><td>Kablosuz 2,4 GHz standartlar\u0131<\/td><td>802.11b\/g\/n<\/td><\/tr><tr><td>2,4 GHz i\u00e7in anten kazanc\u0131 dBi<\/td><td>3<\/td><\/tr><tr><td>Kablosuz 2.4 GHz \u00e7ip modeli<\/td><td>IPQ-4019 (\u0130ngilizce)<\/td><\/tr><tr><td>Kablosuz 2,4 GHz nesil<\/td><td>Wi-Fi 4<\/td><\/tr><tr><td>Kablosuz 5 GHz Maksimum veri h\u0131z\u0131<\/td><td>867 Mbit\/sn<\/td><\/tr><tr><td>Kablosuz 5 GHz zincir say\u0131s\u0131<\/td><td>2<\/td><\/tr><tr><td>Kablosuz 5 GHz standartlar\u0131<\/td><td>802.11a\/n\/ac<\/td><\/tr><tr><td>5 GHz i\u00e7in anten kazanc\u0131 dBi<\/td><td>5.5<\/td><\/tr><tr><td>Kablosuz 5 GHz \u00e7ip modeli<\/td><td>IPQ-4019 (\u0130ngilizce)<\/td><\/tr><tr><td>Kablosuz 5 GHz nesil<\/td><td>Wi-Fi 5<\/td><\/tr><tr><td>WiFi h\u0131z\u0131<\/td><td>AC1200 Serisi<\/td><\/tr><\/tbody><\/table><\/figure>\n<\/div>\n<\/div>\n<\/div>\n<\/div>\n\n\n\n<p><strong>Ethernet<\/strong><\/p>\n\n\n\n<div class=\"wp-block-columns is-layout-flex wp-container-core-columns-is-layout-9d6595d7 wp-block-columns-is-layout-flex\">\n<div class=\"wp-block-column is-layout-flow wp-block-column-is-layout-flow\">\n<figure class=\"wp-block-table is-style-stripes has-small-font-size\"><table class=\"has-fixed-layout\"><tbody><tr><td>10\/100\/1000 Ethernet  ba\u011flant\u0131 noktalar\u0131<\/td><td>5<\/td><\/tr><tr><td>PoE \u00e7\u0131k\u0131\u015fl\u0131 1G Ethernet ba\u011flant\u0131 noktas\u0131 say\u0131s\u0131<\/td><td>1<\/td><\/tr><\/tbody><\/table><\/figure>\n<\/div>\n<\/div>\n\n\n\n<p><strong>\u00c7evre Birimleri<\/strong><\/p>\n\n\n\n<div class=\"wp-block-columns is-layout-flex wp-container-core-columns-is-layout-9d6595d7 wp-block-columns-is-layout-flex\">\n<div class=\"wp-block-column is-layout-flow wp-block-column-is-layout-flow\">\n<div class=\"wp-block-columns is-layout-flex wp-container-core-columns-is-layout-9d6595d7 wp-block-columns-is-layout-flex\">\n<div class=\"wp-block-column is-layout-flow wp-block-column-is-layout-flow\">\n<figure class=\"wp-block-table is-style-stripes has-small-font-size\"><table class=\"has-fixed-layout\"><tbody><tr><td>USB ba\u011flant\u0131 noktas\u0131 say\u0131s\u0131<\/td><td>1<\/td><\/tr><tr><td>USB G\u00fc\u00e7 S\u0131f\u0131rlama<\/td><td>Evet<\/td><\/tr><tr><td>USB yuvas\u0131 t\u00fcr\u00fc<\/td><td>USB tip A<\/td><\/tr><tr><td>USB ak\u0131m\u0131 (A)<\/td><td>1<\/td><\/tr><\/tbody><\/table><\/figure>\n<\/div>\n<\/div>\n<\/div>\n<\/div>\n\n\n\n<p><strong>G\u00fc\u00e7<\/strong><\/p>\n\n\n\n<div class=\"wp-block-columns is-layout-flex wp-container-core-columns-is-layout-9d6595d7 wp-block-columns-is-layout-flex\">\n<div class=\"wp-block-column is-layout-flow wp-block-column-is-layout-flow\">\n<figure class=\"wp-block-table is-style-stripes has-small-font-size\"><table class=\"has-fixed-layout\"><tbody><tr><td>DC giri\u015f say\u0131s\u0131<\/td><td>2 (DC jak\u0131, PoE-IN)<\/td><\/tr><tr><td>DC jak giri\u015fi Voltaj<\/td><td>12-28 V<\/td><\/tr><tr><td>Maksimum g\u00fc\u00e7 t\u00fcketimi<\/td><td>30 W<\/td><\/tr><tr><td>Eklentiler olmadan maksimum g\u00fc\u00e7 t\u00fcketimi<\/td><td>12 W<\/td><\/tr><tr><td>PoE giri\u015fi<\/td><td>Pasif PoE<\/td><\/tr><tr><td>So\u011futma tipi<\/td><td>Pasif<\/td><\/tr><tr><td>Giri\u015f Geriliminde PoE<\/td><td>18-28 V<\/td><\/tr><\/tbody><\/table><\/figure>\n<\/div>\n<\/div>\n\n\n\n<p><strong>PoE \u00c7\u0131k\u0131\u015f\u0131<\/strong><\/p>\n\n\n\n<div class=\"wp-block-columns is-layout-flex wp-container-core-columns-is-layout-9d6595d7 wp-block-columns-is-layout-flex\">\n<div class=\"wp-block-column is-layout-flow wp-block-column-is-layout-flow\">\n<figure class=\"wp-block-table is-style-stripes has-small-font-size\"><table class=\"has-fixed-layout\"><tbody><tr><td>PoE \u00e7\u0131k\u0131\u015f ba\u011flant\u0131 noktalar\u0131<\/td><td>Eter5<\/td><\/tr><tr><td>PoE \u00e7\u0131k\u0131\u015f\u0131<\/td><td>Pasif PoE<\/td><\/tr><tr><td>D\u00fc\u015f\u00fck voltajl\u0131 PoE-Out ak\u0131m limiti<\/td><td>0,5 bir<\/td><\/tr><tr><td>Maksimum toplam \u00e7\u0131k\u0131\u015f (A)<\/td><td>0,5 bir<\/td><\/tr><\/tbody><\/table><\/figure>\n<\/div>\n<\/div>\n\n\n\n<p><strong>Sertifikasyon &amp; Onaylar<\/strong><br><\/p>\n\n\n\n<div class=\"wp-block-columns is-layout-flex wp-container-core-columns-is-layout-9d6595d7 wp-block-columns-is-layout-flex\">\n<div class=\"wp-block-column is-layout-flow wp-block-column-is-layout-flow\">\n<figure class=\"wp-block-table is-style-stripes has-small-font-size\"><table class=\"has-fixed-layout\"><tbody><tr><td>Sertifikasyon<\/td><td>CE, FCC, IC, EAC, ROHS<\/td><\/tr><tr><td>IP<\/td><td>IP20 Standard\u0131<\/td><\/tr><\/tbody><\/table><\/figure>\n<\/div>\n<\/div>\n\n\n\n<p><strong>Kablosuz \u00d6zellikleri<\/strong><\/p>\n\n\n\n<div class=\"wp-block-columns is-layout-flex wp-container-core-columns-is-layout-9d6595d7 wp-block-columns-is-layout-flex\">\n<div class=\"wp-block-column is-layout-flow wp-block-column-is-layout-flow\">\n<figure class=\"wp-block-table is-style-stripes has-small-font-size\"><table class=\"has-fixed-layout\"><tbody><tr><td>1 MBit\/sn<\/td><td>25<\/td><td>-100<\/td><\/tr><tr><td>11 MBit\/sn<\/td><td>25<\/td><td>-94<\/td><\/tr><tr><td>6 MBit\/sn&#8217;de<\/td><td>26<\/td><td>-96<\/td><\/tr><tr><td>54 MBit\/sn&#8217;de<\/td><td>23<\/td><td>-78<\/td><\/tr><tr><td>MCS0<\/td><td>26<\/td><td>-96<\/td><\/tr><tr><td>MCS7<\/td><td>22<\/td><td>-73<\/td><\/tr><\/tbody><\/table><\/figure>\n\n\n\n<figure class=\"wp-block-table is-style-stripes has-small-font-size\"><table class=\"has-fixed-layout\"><tbody><tr><td>6 MBit\/sn&#8217;de<\/td><td>26<\/td><td>-96<\/td><\/tr><tr><td>54 MBit\/sn&#8217;de<\/td><td>22<\/td><td>-80<\/td><\/tr><tr><td>MCS0<\/td><td>26<\/td><td>-96<\/td><\/tr><tr><td>MCS7<\/td><td>21<\/td><td>-75<\/td><\/tr><tr><td>MCS9<\/td><td>19<\/td><td>-70<\/td><\/tr><\/tbody><\/table><\/figure>\n<\/div>\n<\/div>\n\n\n\n<p><strong>Di\u011fer<\/strong><\/p>\n\n\n\n<div class=\"wp-block-columns is-layout-flex wp-container-core-columns-is-layout-9d6595d7 wp-block-columns-is-layout-flex\">\n<div class=\"wp-block-column is-layout-flow wp-block-column-is-layout-flow\">\n<figure class=\"wp-block-table is-style-stripes has-small-font-size\"><table class=\"has-fixed-layout\"><tbody><tr><td>Mod d\u00fc\u011fmesi<\/td><td>Evet<\/td><\/tr><\/tbody><\/table><\/figure>\n<\/div>\n<\/div>\n\n\n\n<div class=\"wp-block-buttons is-layout-flex wp-block-buttons-is-layout-flex\">\n<div class=\"wp-block-button\"><a class=\"wp-block-button__link wp-element-button\" href=\"https:\/\/cyberdome.com.tr\/index.php\/ayk-300\/\">AYK-300<\/a><\/div>\n\n\n\n<div class=\"wp-block-button\"><a class=\"wp-block-button__link wp-element-button\" href=\"https:\/\/cyberdome.com.tr\/index.php\/ayk-500\/\">AYK-500<\/a><\/div>\n\n\n\n<div class=\"wp-block-button\"><a class=\"wp-block-button__link wp-element-button\" href=\"https:\/\/cyberdome.com.tr\/index.php\/urunlerimiz\/\">Geri D\u00f6n<\/a><\/div>\n<\/div>\n\n\n\n<p><\/p>\n","protected":false},"excerpt":{"rendered":"<p>Daha fazla kapsama alan\u0131 i\u00e7in 5 Gigabit Ethernet ba\u011flant\u0131 noktas\u0131na ve harici y\u00fcksek kazan\u00e7l\u0131 antenlere sahip kablosuz \u00e7ift bantl\u0131 y\u00f6nlendirici. M\u00fckemmel y\u00f6nlendiriciyi bulmak i\u00e7in sonsuz aramay\u0131 ve sonsuz say\u0131da inceleme&hellip;<\/p>\n","protected":false},"author":1,"featured_media":0,"parent":0,"menu_order":0,"comment_status":"closed","ping_status":"closed","template":"","meta":{"footnotes":""},"class_list":["post-155","page","type-page","status-publish","hentry"],"_links":{"self":[{"href":"https:\/\/cyberdome.com.tr\/index.php\/wp-json\/wp\/v2\/pages\/155","targetHints":{"allow":["GET"]}}],"collection":[{"href":"https:\/\/cyberdome.com.tr\/index.php\/wp-json\/wp\/v2\/pages"}],"about":[{"href":"https:\/\/cyberdome.com.tr\/index.php\/wp-json\/wp\/v2\/types\/page"}],"author":[{"embeddable":true,"href":"https:\/\/cyberdome.com.tr\/index.php\/wp-json\/wp\/v2\/users\/1"}],"replies":[{"embeddable":true,"href":"https:\/\/cyberdome.com.tr\/index.php\/wp-json\/wp\/v2\/comments?post=155"}],"version-history":[{"count":14,"href":"https:\/\/cyberdome.com.tr\/index.php\/wp-json\/wp\/v2\/pages\/155\/revisions"}],"predecessor-version":[{"id":431,"href":"https:\/\/cyberdome.com.tr\/index.php\/wp-json\/wp\/v2\/pages\/155\/revisions\/431"}],"wp:attachment":[{"href":"https:\/\/cyberdome.com.tr\/index.php\/wp-json\/wp\/v2\/media?parent=155"}],"curies":[{"name":"wp","href":"https:\/\/api.w.org\/{rel}","templated":true}]}}