{"id":45,"date":"2025-10-21T21:04:28","date_gmt":"2025-10-21T21:04:28","guid":{"rendered":"https:\/\/cyberdome.com.tr\/?page_id=45"},"modified":"2026-01-14T13:39:23","modified_gmt":"2026-01-14T13:39:23","slug":"urunlerimiz","status":"publish","type":"page","link":"https:\/\/cyberdome.com.tr\/index.php\/urunlerimiz\/","title":{"rendered":"\u00dcr\u00fcnlerimiz"},"content":{"rendered":"\n<p><strong>Cihaz Teknik Detaylar\u0131 i\u00e7in T\u0131klay\u0131n\u0131z:<\/strong><\/p>\n\n\n\n<div class=\"wp-block-buttons is-layout-flex wp-block-buttons-is-layout-flex\">\n<div class=\"wp-block-button\"><a class=\"wp-block-button__link wp-element-button\" href=\"https:\/\/cyberdome.com.tr\/index.php\/ayk-200\/\">AYK-200<\/a><\/div>\n\n\n\n\n\n<div class=\"wp-block-button\"><a class=\"wp-block-button__link wp-element-button\" href=\"https:\/\/cyberdome.com.tr\/index.php\/ayk-300\/\">AYK-300<\/a><\/div>\n\n\n\n\n\n<div class=\"wp-block-button\"><a class=\"wp-block-button__link wp-element-button\" href=\"https:\/\/cyberdome.com.tr\/index.php\/ayk-500\/\">AYK-500<\/a><\/div>\n<\/div>\n\n\n\n<p>  <\/p>\n\n\n\n<div class=\"wp-block-columns is-layout-flex wp-container-core-columns-is-layout-9d6595d7 wp-block-columns-is-layout-flex\">\n<div class=\"wp-block-column is-layout-flow wp-block-column-is-layout-flow\">\n<figure class=\"wp-block-image size-large\"><img loading=\"lazy\" decoding=\"async\" width=\"1024\" height=\"423\" src=\"https:\/\/cyberdome.com.tr\/wp-content\/uploads\/2026\/01\/AYK-200-AYK-300-AYK-500-5-1536x635-1-1024x423.png\" alt=\"\" class=\"wp-image-495\" srcset=\"https:\/\/cyberdome.com.tr\/wp-content\/uploads\/2026\/01\/AYK-200-AYK-300-AYK-500-5-1536x635-1-1024x423.png 1024w, https:\/\/cyberdome.com.tr\/wp-content\/uploads\/2026\/01\/AYK-200-AYK-300-AYK-500-5-1536x635-1-300x124.png 300w, https:\/\/cyberdome.com.tr\/wp-content\/uploads\/2026\/01\/AYK-200-AYK-300-AYK-500-5-1536x635-1-768x318.png 768w, https:\/\/cyberdome.com.tr\/wp-content\/uploads\/2026\/01\/AYK-200-AYK-300-AYK-500-5-1536x635-1.png 1536w\" sizes=\"auto, (max-width: 1024px) 100vw, 1024px\" \/><\/figure>\n\n\n\n<p>  <\/p>\n<\/div>\n<\/div>\n\n\n\n<figure class=\"wp-block-image size-large\"><img loading=\"lazy\" decoding=\"async\" width=\"1024\" height=\"778\" src=\"https:\/\/cyberdome.com.tr\/wp-content\/uploads\/2026\/01\/WhatsApp-Image-2025-11-25-at-14.00.22-1-1024x778.jpeg\" alt=\"\" class=\"wp-image-497\" srcset=\"https:\/\/cyberdome.com.tr\/wp-content\/uploads\/2026\/01\/WhatsApp-Image-2025-11-25-at-14.00.22-1-1024x778.jpeg 1024w, https:\/\/cyberdome.com.tr\/wp-content\/uploads\/2026\/01\/WhatsApp-Image-2025-11-25-at-14.00.22-1-300x228.jpeg 300w, https:\/\/cyberdome.com.tr\/wp-content\/uploads\/2026\/01\/WhatsApp-Image-2025-11-25-at-14.00.22-1-768x584.jpeg 768w, https:\/\/cyberdome.com.tr\/wp-content\/uploads\/2026\/01\/WhatsApp-Image-2025-11-25-at-14.00.22-1-1536x1167.jpeg 1536w, https:\/\/cyberdome.com.tr\/wp-content\/uploads\/2026\/01\/WhatsApp-Image-2025-11-25-at-14.00.22-1.jpeg 1600w\" sizes=\"auto, (max-width: 1024px) 100vw, 1024px\" \/><\/figure>\n","protected":false},"excerpt":{"rendered":"<p>Cihaz Teknik Detaylar\u0131 i\u00e7in T\u0131klay\u0131n\u0131z:<\/p>\n","protected":false},"author":1,"featured_media":0,"parent":0,"menu_order":0,"comment_status":"closed","ping_status":"closed","template":"","meta":{"footnotes":""},"class_list":["post-45","page","type-page","status-publish","hentry"],"_links":{"self":[{"href":"https:\/\/cyberdome.com.tr\/index.php\/wp-json\/wp\/v2\/pages\/45","targetHints":{"allow":["GET"]}}],"collection":[{"href":"https:\/\/cyberdome.com.tr\/index.php\/wp-json\/wp\/v2\/pages"}],"about":[{"href":"https:\/\/cyberdome.com.tr\/index.php\/wp-json\/wp\/v2\/types\/page"}],"author":[{"embeddable":true,"href":"https:\/\/cyberdome.com.tr\/index.php\/wp-json\/wp\/v2\/users\/1"}],"replies":[{"embeddable":true,"href":"https:\/\/cyberdome.com.tr\/index.php\/wp-json\/wp\/v2\/comments?post=45"}],"version-history":[{"count":40,"href":"https:\/\/cyberdome.com.tr\/index.php\/wp-json\/wp\/v2\/pages\/45\/revisions"}],"predecessor-version":[{"id":547,"href":"https:\/\/cyberdome.com.tr\/index.php\/wp-json\/wp\/v2\/pages\/45\/revisions\/547"}],"wp:attachment":[{"href":"https:\/\/cyberdome.com.tr\/index.php\/wp-json\/wp\/v2\/media?parent=45"}],"curies":[{"name":"wp","href":"https:\/\/api.w.org\/{rel}","templated":true}]}}